{"id":81,"date":"2016-08-13T09:05:01","date_gmt":"2016-08-13T06:05:01","guid":{"rendered":"http:\/\/arendus.pak-lm.ee\/wp\/?page_id=81"},"modified":"2018-10-17T10:19:22","modified_gmt":"2018-10-17T07:19:22","slug":"konsultatsioonid","status":"publish","type":"page","link":"https:\/\/www.pak-lm.ee\/wp\/teenused\/konsultatsioonid\/","title":{"rendered":"Konsultatsioonid"},"content":{"rendered":"<h1><strong>Perearsti konsultatsioon<br \/>\n<\/strong><\/h1>\n<p>Dr. Margus ja dr. Leht osutavad meie perearstikeskuse patsientidele k\u00f5rgetasemelist esmatasandi arstiabi. Plaaniline vastuv\u00f5tt toimub telefoni teel ette registreerimisega ning vastuv\u00f5tu pikkuseks on kavandatud 20 minutit. Palume keskuse t\u00f6\u00f6 sujuvuse huvides ette registreerida ka erakorralist abi vajavatel patsientidel. Vahel n\u00f5uavad m\u00f5ned probleemid lahendamiseks pikemat aega, mist\u00f5ttu palume patsientidelt m\u00f5istavat suhtumist kui tuleb kabineti ukse taga oodata. Peaks olema arusaadav kui j\u00e4rjekorras satub vahele kiiret arstlikku sekkumist n\u00f5udev juhtum, siis selle v\u00f5rra tuleb plaanilist abi vajaval patsiendil kauem oodata. Kui patsiendil on rohkelt kaebuseid, soovitame esimesel p\u00f6\u00f6rdumisel esitada pakiliseim, teised j\u00e4tta edaspidisteks konsultatsioonideks. Palume meile kindlasti ette teatada kui Sinu poolt reserveeritud arsti aeg j\u00e4\u00e4b kasutamata, me saame selle numbri pakkuda v\u00e4lja teistele patsientidele.<\/p>\n<p>V\u00e4ltimatut abi vajavad tervisek\u00fcsimused lahendab kiirabi (tel. 112) ning v\u00f5imalik on p\u00f6\u00f6rduda haiglate erakorralise meditsiini osakondadesse:<\/p>\n<ul>\n<li>AS L\u00e4\u00e4ne-Tallinna Keskhaigla, Paldiski mnt.68, Tallinn<\/li>\n<li>AS Ida-Tallinna Keskhaigla, Ravi 18, Tallinn<\/li>\n<li>SA P\u00f5hja-Eesti Regionaalhaigla, S\u00fctiste 19, Tallinn<\/li>\n<li>Riiklikku ravikindlustust mitteomavatele Tallinna elanikele osutab tasuta arstiabi L\u00e4\u00e4ne-Tallinna Keskhaigla Kopli Polikliinik, S\u00f5le 63. Lisainfot vastuv\u00f5tuaegade kohta telefonil 626 1314.<\/li>\n<\/ul>\n<h1><strong>Pere\u00f5e konsultatsioon<\/strong><\/h1>\n<p>Pere\u00f5de pole lihtsalt arsti abiline vaid oma eriala v\u00e4ga hea spetsialist ja meie meeskonna asendamatu liige. Pere\u00f5e poole on patsiendil alati lihtne ja mugav p\u00f6\u00f6rduda ja saada oma probleemile esialgne lahendus. Pere\u00f5de on patsientidele meie perearstikeskuse esmaseks kontaktiks. Telefoni teel saab pere\u00f5elt esmast n\u00f5u ja abi, tema otsustab, kas patsient vajab edasist p\u00f6\u00f6rdumist pere\u00f5e v\u00f5i perearsti visiidile. \u00d5de j\u00e4lgib terveid imikuid, n\u00f5ustab\u00a0 konsultatsioonil \u00e4gedalt haigestunuid (nt.viirushaiged) ja krooniliste haigustega patsiente\u00a0 (nt.II t\u00fc\u00fcbi diabeedihaiged ja k\u00f5rgverer\u00f5huhaiged), v\u00f5tab vastu digiretseptide tellimusi, aitab t\u00f5endite vormistamisel, teostab protseduure ja v\u00f5tab vereanal\u00fc\u00fcse. Pere\u00f5de planeerib ise oma visiidi pikkuseks vastavalt vajadusele 15-30 minutit. Keerulisemate k\u00fcsimustega suunab \u00f5de edasi arsti vastuv\u00f5tule.<\/p>\n","protected":false},"excerpt":{"rendered":"<p>Perearsti konsultatsioon Dr. Margus ja dr. Leht osutavad meie perearstikeskuse patsientidele k\u00f5rgetasemelist esmatasandi arstiabi. Plaaniline vastuv\u00f5tt toimub telefoni teel ette registreerimisega ning vastuv\u00f5tu pikkuseks on kavandatud 20 minutit. Palume keskuse t\u00f6\u00f6 sujuvuse huvides ette registreerida ka erakorralist abi vajavatel patsientidel. Vahel n\u00f5uavad m\u00f5ned probleemid lahendamiseks pikemat aega, mist\u00f5ttu palume patsientidelt &hellip;<\/p>\n","protected":false},"author":1,"featured_media":0,"parent":77,"menu_order":0,"comment_status":"closed","ping_status":"closed","template":"","meta":[],"_links":{"self":[{"href":"https:\/\/www.pak-lm.ee\/wp\/wp-json\/wp\/v2\/pages\/81"}],"collection":[{"href":"https:\/\/www.pak-lm.ee\/wp\/wp-json\/wp\/v2\/pages"}],"about":[{"href":"https:\/\/www.pak-lm.ee\/wp\/wp-json\/wp\/v2\/types\/page"}],"author":[{"embeddable":true,"href":"https:\/\/www.pak-lm.ee\/wp\/wp-json\/wp\/v2\/users\/1"}],"replies":[{"embeddable":true,"href":"https:\/\/www.pak-lm.ee\/wp\/wp-json\/wp\/v2\/comments?post=81"}],"version-history":[{"count":12,"href":"https:\/\/www.pak-lm.ee\/wp\/wp-json\/wp\/v2\/pages\/81\/revisions"}],"predecessor-version":[{"id":471,"href":"https:\/\/www.pak-lm.ee\/wp\/wp-json\/wp\/v2\/pages\/81\/revisions\/471"}],"up":[{"embeddable":true,"href":"https:\/\/www.pak-lm.ee\/wp\/wp-json\/wp\/v2\/pages\/77"}],"wp:attachment":[{"href":"https:\/\/www.pak-lm.ee\/wp\/wp-json\/wp\/v2\/media?parent=81"}],"curies":[{"name":"wp","href":"https:\/\/api.w.org\/{rel}","templated":true}]}}