{"id":71,"date":"2016-08-13T09:02:47","date_gmt":"2016-08-13T06:02:47","guid":{"rendered":"http:\/\/arendus.pak-lm.ee\/wp\/?page_id=71"},"modified":"2026-02-05T11:16:09","modified_gmt":"2026-02-05T09:16:09","slug":"kodukord","status":"publish","type":"page","link":"https:\/\/www.pak-lm.ee\/wp\/avaleht\/kodukord\/","title":{"rendered":"Kodukord"},"content":{"rendered":"<ul>\n<li>Vastuv\u00f5tule p\u00e4\u00e4semiseks palume alati telefoni teel ette registreerida ja seda ka erakorralise p\u00f6\u00f6rdumise puhul<\/li>\n<li>Meie telefoniliin on k\u00f5nede rohkuse t\u00f5ttu sageli h\u00f5ivatud, palun proovige m\u00f5ne aja p\u00e4rast uuesti. \u00d5htusel ajal on\u00a0 k\u00f5nesid reeglina v\u00e4hem<\/li>\n<li>\u00a0Koduvisiidi vajalikkuse \u00fcle otsustab perearst<\/li>\n<li>Vereanal\u00fc\u00fcside v\u00f5tmine eelregistreerimise alusel kl. 8.00-12.00<\/li>\n<li>Pere\u00f5e telefonin\u00f5ustamine\u00a0 kl. 8.00-16.00(T 18.00 vt lahtiolekuajad)<\/li>\n<li>Perearsti telefonin\u00f5ustamine toimub vajadusel patsiendile tagasi helistamise korras v\u00e4ljaspool arsti vastuv\u00f5tuaega<\/li>\n<li>Kolmap\u00e4eviti on tervete laste prof\u00fclaktilised vastuv\u00f5tud<\/li>\n<li><a href=\"https:\/\/eperearstikeskus.ee\/patient\/welcome\">ePerearstikeskuse<\/a> \u00a0aadressile saadetud e-kirjadele vastame 2 t\u00f6\u00f6p\u00e4eva jooksul<\/li>\n<li>info@pak-lm.ee e-mail on alates 01.10.2023 vaid koost\u00f6\u00f6partneritele arvete ja teabematerjalide saatmiseks, samuti saavad sinna kirjutada nimistusse soovivad patsiendid.<\/li>\n<li>T\u00f6\u00f6v\u00f5imetuslehe vajadusel tuleb meiega \u00fchendust v\u00f5tta samal p\u00e4eval, mil koju j\u00e4ite. Tagasiulatuvalt me t\u00f6\u00f6v\u00f5imetuslehti ei ava.<\/li>\n<li>Saatekirju eriarstile ilma, et patsient oleks perearstiga kontakteerunud, me ei v\u00e4ljasta<\/li>\n<li>Saatekiri on \u00fche arsti poolt teisele arstile saadetav m\u00f5testatud sisuga kiri. See sisaldab patsiendi kaebuseid, l\u00e4bivaatuse ja uuringute andmeid ning k\u00fcsimust, miks patsient teise arsti juurde suunatakse. Saatekirja kehtivusel ei ole piiranguid ja saatekirja v\u00f5ib kirjutada iga arst (sh iga eriarst). Ilma saatekirjata saab p\u00f6\u00f6rduda erakliinikusse, samuti EMOsse, g\u00fcnekoloogile, silmaarstile ja nahaarstile.<\/li>\n<li>Nimistusse registreerumise soovi korral \u00a0v\u00f5tke perearstikeskusega \u00fchendust. Perearsti n\u00f5usoleku korral tuleb t\u00e4ita arsti vahetamiseks avaldus, see digiallkirjastada ning see meile edastada. Blanketi leiate <a href=\"https:\/\/www.pak-lm.ee\/wp\/wp-content\/uploads\/2016\/08\/pho_perearstile_avaldus_2016_0.docx\">siit.<\/a><\/li>\n<\/ul>\n","protected":false},"excerpt":{"rendered":"<p>Vastuv\u00f5tule p\u00e4\u00e4semiseks palume alati telefoni teel ette registreerida ja seda ka erakorralise p\u00f6\u00f6rdumise puhul Meie telefoniliin on k\u00f5nede rohkuse t\u00f5ttu sageli h\u00f5ivatud, palun proovige m\u00f5ne aja p\u00e4rast uuesti. \u00d5htusel ajal on\u00a0 k\u00f5nesid reeglina v\u00e4hem \u00a0Koduvisiidi vajalikkuse \u00fcle otsustab perearst Vereanal\u00fc\u00fcside v\u00f5tmine eelregistreerimise alusel kl. 8.00-12.00 Pere\u00f5e telefonin\u00f5ustamine\u00a0 kl. 8.00-16.00(T 18.00 &hellip;<\/p>\n","protected":false},"author":1,"featured_media":0,"parent":65,"menu_order":0,"comment_status":"closed","ping_status":"closed","template":"","meta":[],"_links":{"self":[{"href":"https:\/\/www.pak-lm.ee\/wp\/wp-json\/wp\/v2\/pages\/71"}],"collection":[{"href":"https:\/\/www.pak-lm.ee\/wp\/wp-json\/wp\/v2\/pages"}],"about":[{"href":"https:\/\/www.pak-lm.ee\/wp\/wp-json\/wp\/v2\/types\/page"}],"author":[{"embeddable":true,"href":"https:\/\/www.pak-lm.ee\/wp\/wp-json\/wp\/v2\/users\/1"}],"replies":[{"embeddable":true,"href":"https:\/\/www.pak-lm.ee\/wp\/wp-json\/wp\/v2\/comments?post=71"}],"version-history":[{"count":32,"href":"https:\/\/www.pak-lm.ee\/wp\/wp-json\/wp\/v2\/pages\/71\/revisions"}],"predecessor-version":[{"id":822,"href":"https:\/\/www.pak-lm.ee\/wp\/wp-json\/wp\/v2\/pages\/71\/revisions\/822"}],"up":[{"embeddable":true,"href":"https:\/\/www.pak-lm.ee\/wp\/wp-json\/wp\/v2\/pages\/65"}],"wp:attachment":[{"href":"https:\/\/www.pak-lm.ee\/wp\/wp-json\/wp\/v2\/media?parent=71"}],"curies":[{"name":"wp","href":"https:\/\/api.w.org\/{rel}","templated":true}]}}