{"id":163,"date":"2016-08-13T17:07:40","date_gmt":"2016-08-13T14:07:40","guid":{"rendered":"http:\/\/arendus.pak-lm.ee\/wp\/?page_id=163"},"modified":"2026-02-05T11:12:17","modified_gmt":"2026-02-05T09:12:17","slug":"soeluuringud","status":"publish","type":"page","link":"https:\/\/www.pak-lm.ee\/wp\/kasulik-teada\/soeluuringud\/","title":{"rendered":"S\u00f5eluuringud"},"content":{"rendered":"<p>V\u00e4rske informatsiooni tasuta\u00a0 rinna-, emakakaela- ja j\u00e4mesoolev\u00e4hi s\u00f5eluuringu kohta leiab <a href=\"https:\/\/soeluuring.ee\/\">soeluuring.ee<\/a> lehelt.\u00a0<\/p>\n\n\n<p><\/p>\n","protected":false},"excerpt":{"rendered":"<p>V\u00e4rske informatsiooni tasuta\u00a0 rinna-, emakakaela- ja j\u00e4mesoolev\u00e4hi s\u00f5eluuringu kohta leiab soeluuring.ee lehelt.\u00a0<\/p>\n","protected":false},"author":1,"featured_media":0,"parent":90,"menu_order":0,"comment_status":"closed","ping_status":"closed","template":"","meta":[],"_links":{"self":[{"href":"https:\/\/www.pak-lm.ee\/wp\/wp-json\/wp\/v2\/pages\/163"}],"collection":[{"href":"https:\/\/www.pak-lm.ee\/wp\/wp-json\/wp\/v2\/pages"}],"about":[{"href":"https:\/\/www.pak-lm.ee\/wp\/wp-json\/wp\/v2\/types\/page"}],"author":[{"embeddable":true,"href":"https:\/\/www.pak-lm.ee\/wp\/wp-json\/wp\/v2\/users\/1"}],"replies":[{"embeddable":true,"href":"https:\/\/www.pak-lm.ee\/wp\/wp-json\/wp\/v2\/comments?post=163"}],"version-history":[{"count":14,"href":"https:\/\/www.pak-lm.ee\/wp\/wp-json\/wp\/v2\/pages\/163\/revisions"}],"predecessor-version":[{"id":820,"href":"https:\/\/www.pak-lm.ee\/wp\/wp-json\/wp\/v2\/pages\/163\/revisions\/820"}],"up":[{"embeddable":true,"href":"https:\/\/www.pak-lm.ee\/wp\/wp-json\/wp\/v2\/pages\/90"}],"wp:attachment":[{"href":"https:\/\/www.pak-lm.ee\/wp\/wp-json\/wp\/v2\/media?parent=163"}],"curies":[{"name":"wp","href":"https:\/\/api.w.org\/{rel}","templated":true}]}}